{"id":120,"date":"2025-10-27T12:03:42","date_gmt":"2025-10-27T12:03:42","guid":{"rendered":"https:\/\/dateotherhomes.pt\/?page_id=120"},"modified":"2026-04-16T08:42:27","modified_gmt":"2026-04-16T08:42:27","slug":"messines","status":"publish","type":"page","link":"https:\/\/dateotherhomes.pt\/en\/messines\/","title":{"rendered":"Messines"},"content":{"rendered":"<div class=\"wpb-content-wrapper\"><div data-parent=\"true\" class=\"vc_row inverted-device-order row-container\" id=\"row-unique-0\"><div class=\"row col-quad-gutter quad-top-padding quad-bottom-padding quad-h-padding full-width row-parent\"><div class=\"wpb_row row-inner\"><div class=\"wpb_column pos-middle pos-center align_left column_parent col-lg-5 single-internal-gutter\"><div class=\"uncol style-light\"  ><div class=\"uncoltable\"><div class=\"uncell no-block-padding\" ><div class=\"uncont\" ><div class=\"uncode-single-media  text-left\"><div class=\"single-wrapper\" style=\"max-width: 100%;\"><div class=\"tmb tmb-light  tmb-img-ratio tmb-media-first tmb-media-last tmb-content-overlay tmb-no-bg\"><div class=\"t-inside\"><div class=\"t-entry-visual\"><div class=\"t-entry-visual-tc\"><div class=\"uncode-single-media-wrapper\"><div class=\"dummy\" style=\"padding-top: 133.3%;\"><\/div><img decoding=\"async\" class=\"wp-image-209\" src=\"https:\/\/dateotherhomes.pt\/wp-content\/uploads\/2025\/11\/Sao-Bartolomeu-de-Messines-Foto-Antonio-Homem-Cardoso-2_scale-scaled-uai-1440x1920.jpg\" width=\"1440\" height=\"1920\" alt=\"\"><\/div>\n\t\t\t\t\t<\/div>\n\t\t\t\t<\/div><\/div><\/div><\/div><\/div><\/div><\/div><\/div><\/div><\/div><div class=\"wpb_column pos-middle pos-center align_left column_parent col-lg-7 double-internal-gutter\"><div class=\"uncol style-light\"  ><div class=\"uncoltable\"><div class=\"uncell no-block-padding\" ><div class=\"uncont\" style=\" max-width:75%;\" ><div class=\"vc_row row-internal row-container\"><div class=\"row col-double-gutter row-child\"><div class=\"wpb_row row-inner\"><div class=\"wpb_column pos-top pos-center align_left column_child col-lg-12 single-internal-gutter\"><div class=\"uncol style-light\" ><div class=\"uncoltable\"><div class=\"uncell no-block-padding\" ><div class=\"uncont\" ><div class=\"vc_custom_heading_wrap\"><div class=\"heading-text el-text\" ><h1 class=\"h1\" ><span>S\u00e3o Bartolomeu de Messines<\/span><\/h1><\/div><div class=\"clear\"><\/div><\/div><\/div><\/div><\/div><\/div><\/div><\/div><\/div><\/div><div class=\"divider-wrapper\"  >\n    <hr class=\"unseparator border-color-lxmt-color separator-no-padding\"  \/>\n<\/div>\n<div class=\"vc_row row-internal row-container\"><div class=\"row col-double-gutter row-child\"><div class=\"wpb_row row-inner\"><div class=\"wpb_column pos-top pos-center align_left column_child col-lg-12 no-internal-gutter\"><div class=\"uncol style-light\" ><div class=\"uncoltable\"><div class=\"uncell no-block-padding\" ><div class=\"uncont\" ><div class=\"vc_custom_heading_wrap\"><div class=\"heading-text el-text\" ><p class=\"h2\" ><span>Between the countryside and the sea is our second space, in S\u00e3o Bartolomeu de Messines<\/p><\/span><span><p><\/span><\/p><\/div><div class=\"clear\"><\/div><\/div><div class=\"empty-space empty-single\" ><span class=\"empty-space-inner\"><\/span><\/div>\n<div class=\"vc_custom_heading_wrap\"><div class=\"heading-text el-text\" ><h3 class=\"h3 font-weight-400\" ><span>&#8211; um lugar onde o Algarve revela o seu lado mais genu\u00edno, longe da pressa e das multid\u00f5es.<\/span><\/h3><\/div><div class=\"clear\"><\/div><\/div><\/div><\/div><\/div><\/div><\/div><\/div><\/div><\/div><\/div><\/div><\/div><\/div><\/div><script id=\"script-row-unique-0\" data-row=\"script-row-unique-0\" type=\"text\/javascript\" class=\"vc_controls\">UNCODE.initRow(document.getElementById(\"row-unique-0\"));<\/script><\/div><\/div><\/div><div data-parent=\"true\" class=\"vc_row row-container\" id=\"row-unique-1\"><div class=\"row single-top-padding quad-bottom-padding single-h-padding limit-width row-parent\"><div class=\"wpb_row row-inner\"><div class=\"wpb_column pos-top pos-center align_left column_parent col-lg-12 single-internal-gutter\"><div class=\"uncol style-light\"  ><div class=\"uncoltable\"><div class=\"uncell no-block-padding\" ><div class=\"uncont\" ><div class=\"uncode-tabs wpb_content_element  border-100 tab-scrolling\" data-interval=\"\"  data-target=\"row\"><div class=\"uncode-wrapper tab-container default-typography advanced-typography\"><div class=\"vc_tta-tabs-container\"><div class=\"vc_tta-tabs-scroller text-center tab-active-anim\"><ul class=\"nav nav-tabs wpb_tabs_nav ui-tabs-nav vc_tta-tabs-list text-center tab-active-anim\"><li data-tab-id=\"natureza\" data-tab-o-id=\"1671548483061-0-5167283140478516728331040304f36-4c3e\" class=\"vc_tta-tab active\"><a href=\"#natureza\" data-toggle=\"tab\" data-tab-history=\"true\" data-tab-history-changer=\"push\" data-tab-history-update-url=\"true\"><span><span><span class=\"h5 font-weight-600\">Exploring nature<\/span><\/span><\/span><\/a><\/li><li data-tab-id=\"mergulhos\" data-tab-o-id=\"1671548483489-0-9167283140478516728331040304f36-4c3e\" class=\"vc_tta-tab\"><a href=\"#mergulhos\" data-toggle=\"tab\" data-tab-history=\"true\" data-tab-history-changer=\"push\" data-tab-history-update-url=\"true\"><span><span><span class=\"h5 font-weight-600\">Discovering Heritage<\/span><\/span><\/span><\/a><\/li><li data-tab-id=\"sabores\" data-tab-o-id=\"1671548483266-0-3167283140478516728331040304f36-4c3e\" class=\"vc_tta-tab\"><a href=\"#sabores\" data-toggle=\"tab\" data-tab-history=\"true\" data-tab-history-changer=\"push\" data-tab-history-update-url=\"true\"><span><span><span class=\"h5 font-weight-600\">Algarve flavours<\/span><\/span><\/span><\/a><\/li><\/ul><\/div><\/div><div class=\"tab-content wpb_wrapper\"><div data-id=\"natureza\" class=\"tab-pane in active half-internal-gutter double-block-padding\"><div>\n\t\t\t\t<div class=\"uncode-wrapper uncode-list\" >\n<ul class=\"icons\">\n<li><i class=\"fa fa-circle-thin text-color-143758-color\"><\/i>Funcho Dam (natural landscape, walking trails and Via Algarviana point).<\/li>\n<li><i class=\"fa fa-circle-thin text-color-143758-color\"><\/i>Arade Dam, also popular for hiking and contact with nature.<\/li>\n<li><i class=\"fa fa-circle-thin text-color-143758-color\"><\/i>Cultural Trail of S\u00e3o Bartolomeu de Messines (guided audio tour of the historic centre).<\/li>\n<\/ul>\n<\/div><\/div><\/div><div data-id=\"mergulhos\" class=\"tab-pane half-internal-gutter double-block-padding\"><div>\n\t\t\t\t<div class=\"uncode-wrapper uncode-list\" >\n<ul class=\"icons\">\n<li><i class=\"fa fa-circle-thin text-color-143758-color\"><\/i>Mother Church of S\u00e3o Bartolomeu de Messines (16th century, Manueline portal and Baroque elements).<\/li>\n<li><i class=\"fa fa-circle-thin text-color-143758-color\"><\/i>Casa Museu Jo\u00e3o de Deus and Casa Natal de Jo\u00e3o de Deus (linked to the Messinian poet and pedagogue).<\/li>\n<li><i class=\"fa fa-circle-thin text-color-143758-color\"><\/i>Chapel of Our Lady of Health.<\/li>\n<li><i class=\"fa fa-circle-thin text-color-143758-color\"><\/i>Chapel of St Sebastian, Chapel of St Peter and Chapel of St Anne.<\/li>\n<li><i class=\"fa fa-circle-thin text-color-143758-color\"><\/i>Museum of Costume and Traditions (local history museum).<\/li>\n<\/ul>\n<\/div><\/div><\/div><div data-id=\"sabores\" class=\"tab-pane single-internal-gutter double-block-padding\"><div>\n\t\t\t\t<div class=\"vc_row row-internal row-container\"><div class=\"row row-child\"><div class=\"wpb_row row-inner\"><div class=\"wpb_column pos-top pos-center align_left column_child col-lg-6 single-internal-gutter\"><div class=\"uncol style-light\" ><div class=\"uncoltable\"><div class=\"uncell no-block-padding\" ><div class=\"uncont\" ><div class=\"uncode_text_column\" ><\/p>\n<h2>Breakfast<\/h2>\n<h3>Divine Sweetness<\/h3>\n<p>R. Dr Jos\u00e9 Ventura Duarte, 8375-125 S\u00e3o Bartolomeu de Messines<br \/>\n<strong>Car:<\/strong> 2 minutes<br \/>\n<strong>On foot:<\/strong> 3 minutes<\/p>\n<h3>Kapheina Cafeteria<\/h3>\n<p>R. Jos\u00e9 Francisco Viseu 18, 8375-140 S\u00e3o Bartolomeu de Messines<br \/>\n<strong>Car:<\/strong> 3 minutes<br \/>\n<strong>On foot:<\/strong> 10 minutes<\/p>\n<h3>Academic Caf\u00e9<\/h3>\n<p>R. C\u00e2ndido dos Reis 40, 8375-105 S\u00e3o Bartolomeu de Messines<br \/>\n<strong>On foot:<\/strong> 1 minute<\/p>\n<\/div><\/div><\/div><\/div><\/div><\/div><div class=\"wpb_column pos-top pos-center align_left column_child col-lg-6 single-internal-gutter\"><div class=\"uncol style-light\" ><div class=\"uncoltable\"><div class=\"uncell no-block-padding\" ><div class=\"uncont\" ><div class=\"uncode_text_column\" ><\/p>\n<h2>Lunch\/Dinner<\/h2>\n<h3>Fatinha barbecue<\/h3>\n<p>R. Sacadura Cabral 26, 8375-131 S\u00e3o Bartolomeu de Messines<br \/>\n<strong>Specialities<\/strong>: Fresh and Grilled Fish<\/p>\n<h3>The Salesman<\/h3>\n<p>R. de Fonte Jo\u00e3o Lu\u00eds 204L, 8375-036 S\u00e3o Bartolomeu de Messines<br \/>\n<strong>Specialities<\/strong>: Traditional Portuguese Food<\/p>\n<h3>The Morgadinho<\/h3>\n<p>R. Maria Eug\u00e9nia Mascarenhas Neutel Dias Ferreira 6A, 8375-111 S\u00e3o Bartolomeu de Messines<br \/>\n<strong>Specialities<\/strong>traditional Portuguese food and fresh seafood.<\/p>\n<h3>Nunes Restaurant<\/h3>\n<p>Municipal Road 526 1, 8220-440 Guia<br \/>\n<strong>Specialities<\/strong>: Frango da Guia, Portuguese food.<\/p>\n<\/div><\/div><\/div><\/div><\/div><\/div><\/div><\/div><\/div><\/div><\/div><\/div><\/div><\/div><\/div><\/div><\/div><\/div><\/div><script id=\"script-row-unique-1\" data-row=\"script-row-unique-1\" type=\"text\/javascript\" class=\"vc_controls\">UNCODE.initRow(document.getElementById(\"row-unique-1\"));<\/script><\/div><\/div><\/div>\n<\/div>","protected":false},"excerpt":{"rendered":"S\u00e3o Bartolomeu de Messines Entre o campo e o mar, encontra-se o nosso segundo espa\u00e7o, em S\u00e3o Bartolomeu de Messines [...]","protected":false},"author":1,"featured_media":0,"parent":0,"menu_order":0,"comment_status":"closed","ping_status":"closed","template":"","meta":{"footnotes":""},"class_list":["post-120","page","type-page","status-publish","hentry"],"_links":{"self":[{"href":"https:\/\/dateotherhomes.pt\/en\/wp-json\/wp\/v2\/pages\/120","targetHints":{"allow":["GET"]}}],"collection":[{"href":"https:\/\/dateotherhomes.pt\/en\/wp-json\/wp\/v2\/pages"}],"about":[{"href":"https:\/\/dateotherhomes.pt\/en\/wp-json\/wp\/v2\/types\/page"}],"author":[{"embeddable":true,"href":"https:\/\/dateotherhomes.pt\/en\/wp-json\/wp\/v2\/users\/1"}],"replies":[{"embeddable":true,"href":"https:\/\/dateotherhomes.pt\/en\/wp-json\/wp\/v2\/comments?post=120"}],"version-history":[{"count":18,"href":"https:\/\/dateotherhomes.pt\/en\/wp-json\/wp\/v2\/pages\/120\/revisions"}],"predecessor-version":[{"id":473,"href":"https:\/\/dateotherhomes.pt\/en\/wp-json\/wp\/v2\/pages\/120\/revisions\/473"}],"wp:attachment":[{"href":"https:\/\/dateotherhomes.pt\/en\/wp-json\/wp\/v2\/media?parent=120"}],"curies":[{"name":"wp","href":"https:\/\/api.w.org\/{rel}","templated":true}]}}