{"id":277,"date":"2026-01-14T10:09:37","date_gmt":"2026-01-14T10:09:37","guid":{"rendered":"https:\/\/dateotherhomes.pt\/?page_id=277"},"modified":"2026-01-15T13:48:14","modified_gmt":"2026-01-15T13:48:14","slug":"termos-e-condicoes","status":"publish","type":"page","link":"https:\/\/dateotherhomes.pt\/en\/termos-e-condicoes\/","title":{"rendered":"Terms and conditions"},"content":{"rendered":"<div class=\"wpb-content-wrapper\"><div data-parent=\"true\" class=\"vc_row row-container\" id=\"row-unique-0\"><div class=\"row limit-width row-parent\"><div class=\"wpb_row row-inner\"><div class=\"wpb_column pos-top pos-center align_left column_parent col-lg-12 single-internal-gutter\"><div class=\"uncol style-light\"  ><div class=\"uncoltable\"><div class=\"uncell\" ><div class=\"uncont no-block-padding col-custom-width\" style=\" max-width:80%;\" ><div class=\"vc_custom_heading_wrap\"><div class=\"heading-text el-text\" ><h1 class=\"h1\" ><span>Terms and conditions<\/span><\/h1><\/div><div class=\"clear\"><\/div><\/div><div class=\"vc_row row-internal row-container\"><div class=\"row row-child\"><div class=\"wpb_row row-inner\"><div class=\"wpb_column pos-top pos-center align_left column_child col-lg-12 single-internal-gutter\"><div class=\"uncol style-light\" ><div class=\"uncoltable\"><div class=\"uncell no-block-padding\" ><div class=\"uncont\" ><div class=\"vc_custom_heading_wrap\"><div class=\"heading-text el-text\" ><h3 class=\"h3\" ><span>Booking conditions<\/span><\/h3><\/div><div class=\"clear\"><\/div><\/div><div class=\"uncode_text_column justiy-text\" ><p>Bookings are subject to availability and confirmation of payment.<\/p>\n<p>In order to confirm the booking, the guest must make the corresponding payment.<\/p>\n<p>Booking rates are those advertised at any given time on each accommodation's website.<br \/>\nThe reservation will be subject to cancellation if payment cannot be made, so it is important that guests ensure that their credit card is valid and has sufficient funds.<\/p>\n<p>If authorisation is not possible, you will be notified by email and will have 12 hours to try another payment method.<br \/>\nAll prices include VAT at the legal rate in force.<\/p>\n<\/div><div class=\"vc_custom_heading_wrap\"><div class=\"heading-text el-text\" ><h3 class=\"h3\" ><span>Payment methods<\/span><\/h3><\/div><div class=\"clear\"><\/div><\/div><div class=\"uncode_text_column justiy-text\" ><p>Bookings can be paid for by bank transfer, Mbway or credit card, Visa or MasterCard.<\/p>\n<\/div><div class=\"vc_custom_heading_wrap\"><div class=\"heading-text el-text\" ><h3 class=\"h3\" ><span>Pre-check-in<\/span><\/h3><\/div><div class=\"clear\"><\/div><\/div><div class=\"uncode_text_column justiy-text\" ><p>On completion of the booking, the booking holder will receive an email from Date Other Homes<span class=\"a_GcMg font-feature-liga-off font-feature-clig-off font-feature-calt-off text-decoration-none text-strikethrough-none\">\u00ae<\/span>, with confirmation and important explanations about the accommodation.<\/p>\n<p>Guests will be asked to provide some information that is of the utmost importance for preparing the stay, such as the time of arrival, the total number of people staying - so that we can provide the right amount of bed linen and bath towels.<br \/>\nGuests must indicate the exact number of people. The number of guests specified in the booking cannot exceed the number of guests present in the accommodation. If the number of guests exceeds the limit, Date Other Homes will<span class=\"a_GcMg font-feature-liga-off font-feature-clig-off font-feature-calt-off text-decoration-none text-strikethrough-none\">\u00ae,<\/span>\u00a0reserves the right to require guests to leave the accommodation without any compensation or reimbursement of the amounts paid<\/p>\n<\/div><div class=\"vc_custom_heading_wrap\"><div class=\"heading-text el-text\" ><h3 class=\"h3\" ><span>Cancellation conditions<\/span><\/h3><\/div><div class=\"clear\"><\/div><\/div><div class=\"uncode_text_column justiy-text\" ><p>After the booking has been confirmed, the following charges will apply in the event of cancellation:<\/p>\n<ol>\n<li>a) The guest will pay 50% of the total amount of the reservation in the event of cancellation up to 30 days before the reservation date. <em>check-in<\/em>.<\/li>\n<li>b) The guest will pay 100% of the total amount of the reservation in the event of cancellation less than 30 days before the date of the reservation. <em>check-in<\/em>.<\/li>\n<\/ol>\n<p>\n<\/div><div class=\"vc_custom_heading_wrap\"><div class=\"heading-text el-text\" ><h3 class=\"h3\" ><span>Conditions of stay<\/span><\/h3><\/div><div class=\"clear\"><\/div><\/div><div class=\"uncode_text_column justiy-text\" ><p>The booking holder must be at least 18 years old and must remain in the booked accommodation for the entire stay. Guests under the age of 18 can only be accommodated if accompanied by an adult who is the reservation holder.<\/p>\n<p>The booking holder must provide a valid address, telephone number and email address.<\/p>\n<p>Date Other Homes<span class=\"a_GcMg font-feature-liga-off font-feature-clig-off font-feature-calt-off text-decoration-none text-strikethrough-none\">\u00ae<\/span> \u00e9 <strong>PETFRIENDLY<\/strong> and your pet (medium\/small in size) are welcome in Date Other Homes' accommodation.<span class=\"a_GcMg font-feature-liga-off font-feature-clig-off font-feature-calt-off text-decoration-none text-strikethrough-none\">\u00ae<\/span>.<\/p>\n<p>A Date Other Homes<span class=\"a_GcMg font-feature-liga-off font-feature-clig-off font-feature-calt-off text-decoration-none text-strikethrough-none\">\u00ae<\/span>\u00a0reserves the right to require guests to pay a deposit of \u20ac20 for their pet's stay in the accommodation, which will be refunded after checking the accommodation and verifying that there is no damage caused by pets.<\/p>\n<p>A Date Other Homes<span class=\"a_GcMg font-feature-liga-off font-feature-clig-off font-feature-calt-off text-decoration-none text-strikethrough-none\">\u00ae,<\/span>\u00a0reserves the right to require guests to leave the accommodation without any compensation or refund of fees paid if any animal is found inside.<\/p>\n<p>Smoking is not allowed in the accommodation.<\/p>\n<p>Guests must notify Date Other Homes<span class=\"a_GcMg font-feature-liga-off font-feature-clig-off font-feature-calt-off text-decoration-none text-strikethrough-none\">\u00ae <\/span>of any damage to the accommodation, contents, equipment or accessories that occurs during the stay, even if the guest considers the damage to be regular wear and tear and not their fault. If the guest does not notify Date Other Homes<span class=\"a_GcMg font-feature-liga-off font-feature-clig-off font-feature-calt-off text-decoration-none text-strikethrough-none\">\u00ae<\/span>\u00a0may be held liable for such damage.<\/p>\n<\/div><div class=\"vc_custom_heading_wrap\"><div class=\"heading-text el-text\" ><h3 class=\"h3\" ><span>Additional services<\/span><\/h3><\/div><div class=\"clear\"><\/div><\/div><div class=\"uncode_text_column justiy-text\" ><p>All additional services are available on request and are subject to confirmation of availability.<\/p>\n<p>A Date Other Homes<span class=\"a_GcMg font-feature-liga-off font-feature-clig-off font-feature-calt-off text-decoration-none text-strikethrough-none\">\u00ae<\/span>\u00a0is not responsible for any services provided by external suppliers.<\/p>\n<\/div><div class=\"vc_custom_heading_wrap\"><div class=\"heading-text el-text\" ><h3 class=\"h3\" ><span>Check-in and Check-out<\/span><\/h3><\/div><div class=\"clear\"><\/div><\/div><div class=\"uncode_text_column justiy-text\" ><p>Unless otherwise agreed, occupancy of the accommodation on the check-in date will be between 3pm and 11pm.<\/p>\n<p>In the event of late check-in - after 11pm - a flat fee of \u20ac30 may be charged, which must be paid at the time of check-in.<\/p>\n<p>Check-out takes place between 12:00 and 13:00 and all guests must leave the accommodation by the scheduled time. A Date Other Homes<span class=\"a_GcMg font-feature-liga-off font-feature-clig-off font-feature-calt-off text-decoration-none text-strikethrough-none\">\u00ae<\/span>, At the time of check-in, the guest will be given an access code to the Lockey at the entrance to each room where the room keys are kept. At the time of check-out, the guest must leave the room keys in the same Lockey. Guests should NOT leave their keys in the door lock.<\/p>\n<p>If the guest refuses to leave, Date Other Homes<span class=\"a_GcMg font-feature-liga-off font-feature-clig-off font-feature-calt-off text-decoration-none text-strikethrough-none\">\u00ae<\/span>, reserves the right to enter the accommodation, remove your belongings, change the locks and also to take any other action that may be necessary. (The guest will be responsible for the costs of any such action).<\/p>\n<p>Any changes to the dates and times of departure and arrival must be confirmed by Date Other Homes.<span class=\"a_GcMg font-feature-liga-off font-feature-clig-off font-feature-calt-off text-decoration-none text-strikethrough-none\">\u00ae<\/span>. In the event of delays, without prior notice and without confirmation from Date Other Homes<span class=\"a_GcMg font-feature-liga-off font-feature-clig-off font-feature-calt-off text-decoration-none text-strikethrough-none\">\u00ae,<\/span>\u00a0will be charged the amount corresponding to the rate for one night.<\/p>\n<p>At check-in Date Other Homes<span class=\"a_GcMg font-feature-liga-off font-feature-clig-off font-feature-calt-off text-decoration-none text-strikethrough-none\">\u00ae<\/span>, The flat provides only ONE set of keys, and guests should take care not to lose it or leave it inside the flat. Guests must return all keys at check-out.<\/p>\n<p>Additional charges may apply for lost keys or lock-outs. If it is necessary to hire a locksmith service, the guest will be responsible for the full amount charged by the service provider.<\/p>\n<p>A Date Other Homes<span class=\"a_GcMg font-feature-liga-off font-feature-clig-off font-feature-calt-off text-decoration-none text-strikethrough-none\">\u00ae<\/span>, is not responsible for any items left inside the flat after the guest has left. Any belongings found in the flat can be returned on request. The guest is fully responsible for all expenses related to the process of returning their belongings.<\/p>\n<\/div><div class=\"vc_custom_heading_wrap\"><div class=\"heading-text el-text\" ><h3 class=\"h3\" ><span>Cleanliness, sheets and towels<\/span><\/h3><\/div><div class=\"clear\"><\/div><\/div><div class=\"uncode_text_column justiy-text\" ><p>The accommodation will be cleaned before guests arrive. Date Other Homes' basic service<span class=\"a_GcMg font-feature-liga-off font-feature-clig-off font-feature-calt-off text-decoration-none text-strikethrough-none\">\u00ae<\/span>\u00a0includes a set of towels, bed linen and some toiletries for each booking.<\/p>\n<p>Additional cleaning services and products, including changing sheets and towels, are available for an additional fee.<\/p>\n<p>Guests should keep their accommodation as organised and clean as possible, delivering it in the best possible condition at check-out.<\/p>\n<p>Guests should not leave rubbish in the accommodation by the door and should use the rubbish bins inside the accommodation or in the street for this purpose.<\/p>\n<\/div><div class=\"vc_custom_heading_wrap\"><div class=\"heading-text el-text\" ><h3 class=\"h3\" ><span>Equipment, furniture and accommodation items<\/span><\/h3><\/div><div class=\"clear\"><\/div><\/div><div class=\"uncode_text_column justiy-text\" ><p>A Date Other Homes<span class=\"a_GcMg font-feature-liga-off font-feature-clig-off font-feature-calt-off text-decoration-none text-strikethrough-none\">\u00ae<\/span>\u00a0provides each accommodation with a house book explaining how all electronic devices and electrical appliances work If an appliance does not work, or if guests are unsure about how to use any of the equipment in the accommodation, they should contact the host responsible at Date Other Homes.<span class=\"a_GcMg font-feature-liga-off font-feature-clig-off font-feature-calt-off text-decoration-none text-strikethrough-none\">\u00ae<\/span>.<\/p>\n<p>Date Other Homes<span class=\"a_GcMg font-feature-liga-off font-feature-clig-off font-feature-calt-off text-decoration-none text-strikethrough-none\">\u00ae<\/span><span class=\"a_GcMg font-feature-liga-off font-feature-clig-off font-feature-calt-off text-decoration-none text-strikethrough-none\">\u00a0, He is always available 24 hours a day for any questions, via email and WhatsApp.<\/span><\/p>\n<p>&nbsp;<\/p>\n<p>Changes to the hosting or its content are not permitted.<\/p>\n<p>All items found in the accommodation belong to the owner and must not be moved or removed from the property during your stay.<\/p>\n<h3><strong>Maintenance and special requests<\/strong><\/h3>\n<p>Any problems within the accommodation (e.g. electrical problems, equipment malfunctions, water leaks) must be reported immediately to Date Other Homes.<span class=\"a_GcMg font-feature-liga-off font-feature-clig-off font-feature-calt-off text-decoration-none text-strikethrough-none\">\u00ae<\/span>\u00a0by e-mail or telephone.<\/p>\n<p>Depending on the problem, resolution can take up to 72 hours, or longer if you rely on third-party services.<\/p>\n<p>Whilst respecting guests' privacy, FAROL D'ELITE UNIPESSOAL, LDA. reserves the right to access the accommodation at any time, if necessary, for inspections, repairs and emergencies.<\/p>\n<p>Extra beds and baby cots can be requested in advance, but are limited to availability at the time.<\/p>\n<h3><strong>Noise, Illegal activity, Safety<\/strong><\/h3>\n<p>According to the law, the night-time rest period is between 11pm and 8am, so guests should keep quiet.<\/p>\n<p>Guests should not disturb their neighbours by opening or closing the door of the accommodation or the door of the building in which it is located (where applicable).<\/p>\n<p>Bookings are not accepted for illegal or immoral activities.<\/p>\n<p>The guest whose name is on the booking confirmation email will be responsible for the behaviour of the entire group and agrees to avoid any and all illegal activities.<\/p>\n<p>Guests are not allowed to invade the owner's privacy or publish anything that could allow third parties to identify the address of the property or the identity of the owner (even if such information is already in the public domain).<\/p>\n<p>Guests are primarily responsible for their own safety during their stay in Date Other Homes accommodation.<span class=\"a_GcMg font-feature-liga-off font-feature-clig-off font-feature-calt-off text-decoration-none text-strikethrough-none\">\u00ae.<\/span><\/p>\n<p>Guests should listen to any instructions or explanations provided by Date Other Homes<span class=\"a_GcMg font-feature-liga-off font-feature-clig-off font-feature-calt-off text-decoration-none text-strikethrough-none\">\u00ae<\/span> during check-in.<\/p>\n<p>If a guest becomes aware of anything during their stay that they believe to be a risk to their health and safety, they must inform Date Other Homes immediately.<span class=\"a_GcMg font-feature-liga-off font-feature-clig-off font-feature-calt-off text-decoration-none text-strikethrough-none\">\u00ae.<\/span><\/p>\n<p>When leaving the accommodation, guests should make sure that they leave the gas appliances switched off, the windows closed, the air conditioning, central heating and lights switched off.<\/p>\n<h3><strong>Responsibility<\/strong><\/h3>\n<p>The Date Other Homes service<span class=\"a_GcMg font-feature-liga-off font-feature-clig-off font-feature-calt-off text-decoration-none text-strikethrough-none\">\u00ae<\/span>, is legally limited to its accommodation and its relationship with guests during their stay. Date Other Homes<span class=\"a_GcMg font-feature-liga-off font-feature-clig-off font-feature-calt-off text-decoration-none text-strikethrough-none\">\u00ae<\/span>\u00a0will not be responsible for any occurrences outside the confines of the accommodation, such as cleaning and maintenance of the building, outside noise, construction, neighbours or any other matter not directly related to the accommodation itself.<\/p>\n<p>The photos and descriptions of the accommodation are produced by Date Other Homes<span class=\"a_GcMg font-feature-liga-off font-feature-clig-off font-feature-calt-off text-decoration-none text-strikethrough-none\">\u00ae<\/span>\u00a0Minor changes to the hosting can occur in relation to the photos on the site, without jeopardising their general condition or amenities.<\/p>\n<p>A Date Other Homes<span class=\"a_GcMg font-feature-liga-off font-feature-clig-off font-feature-calt-off text-decoration-none text-strikethrough-none\">\u00ae,<\/span>\u00a0will not compensate guests, refund fees or transfer guests to other accommodation on the basis of the appearance of the accommodation or its surroundings. It is the guest's responsibility to ensure before booking that the area or neighbourhood they choose to stay in is to their liking.<\/p>\n<p>A Date Other Homes<span class=\"a_GcMg font-feature-liga-off font-feature-clig-off font-feature-calt-off text-decoration-none text-strikethrough-none\">\u00ae,<\/span>\u00a0is not responsible for any damage caused, directly or indirectly, that may occur during guests' stay in the accommodation, such as personal injury, theft, robbery or criminal behaviour, losses due to fire or misconduct, etc. The same applies in relation to any shortcomings in the supply of gas, electricity, water, telephone or internet.<\/p>\n<p>All thefts, robberies or any other criminal behaviour must be reported immediately by guests to Date Other Homes<span class=\"a_GcMg font-feature-liga-off font-feature-clig-off font-feature-calt-off text-decoration-none text-strikethrough-none\">\u00ae<\/span>, and the competent police or judicial authorities.<\/p>\n<p>A Date Other Homes<span class=\"a_GcMg font-feature-liga-off font-feature-clig-off font-feature-calt-off text-decoration-none text-strikethrough-none\">\u00ae<\/span>, Date Homes is not responsible for any potential delays, accidents, losses or changes in timetables or rates that are related to the services of our suppliers. A Date Other Homes<span class=\"a_GcMg font-feature-liga-off font-feature-clig-off font-feature-calt-off text-decoration-none text-strikethrough-none\">\u00ae<\/span>, is not responsible for errors and\/or omissions, false statements by third parties, disputes between a guest and a third party, or the content of external links other than the one on which the booking was made.<\/p>\n<p>In the event that guests do not comply with these terms and conditions, or in the event of bad behaviour on the part of guests, Date Other Homes will<span class=\"a_GcMg font-feature-liga-off font-feature-clig-off font-feature-calt-off text-decoration-none text-strikethrough-none\">\u00ae<\/span>, reserves the right to require them to leave the accommodation without any compensation or refund of fees paid.<\/p>\n<h3><strong>Legislation and Fortuitous Events<\/strong><\/h3>\n<p>This agreement is between the guests and the company Date Other Homes<span class=\"a_GcMg font-feature-liga-off font-feature-clig-off font-feature-calt-off text-decoration-none text-strikethrough-none\">\u00ae<\/span>, which is duly authorised to arrange the rental of the accommodation. This agreement gives guests authorisation to occupy the accommodation for the period and under the terms agreed.<\/p>\n<p>Guests are not tenants of the accommodation and do not have exclusive possession of it. In the rare event that a booked accommodation becomes unavailable due to damage caused by any circumstance not attributable to Date Other Homes<span class=\"a_GcMg font-feature-liga-off font-feature-clig-off font-feature-calt-off text-decoration-none text-strikethrough-none\">\u00ae<\/span>, such as water or gas leaks, Date Other Homes<span class=\"a_GcMg font-feature-liga-off font-feature-clig-off font-feature-calt-off text-decoration-none text-strikethrough-none\">\u00ae<\/span>, will not be held responsible for any inconvenience caused, however, it will take all necessary measures to move the guest to an accommodation with similar characteristics.<\/p>\n<p>If guests do not accept the move, the full amount (excluding costs related to the days the flat was used by the guest, if applicable) will be refunded, but neither the owner nor Date Other Homes will be liable for the refund.<span class=\"a_GcMg font-feature-liga-off font-feature-clig-off font-feature-calt-off text-decoration-none text-strikethrough-none\">\u00ae<\/span>, will be liable to the guests for any additional amount in relation to the cancellation of the reservation. A Date Other Homes<span class=\"a_GcMg font-feature-liga-off font-feature-clig-off font-feature-calt-off text-decoration-none text-strikethrough-none\">\u00ae<\/span>, will not be held responsible for the possible theft of objects left in the accommodation.<\/p>\n<h3><strong>Amendments and applicable jurisdiction<\/strong><\/h3>\n<p>A Date Other Homes<span class=\"a_GcMg font-feature-liga-off font-feature-clig-off font-feature-calt-off text-decoration-none text-strikethrough-none\">\u00ae<\/span>, reserves the right to update its terms and conditions at any time as necessary. It is the responsibility of the parties using the Date Other Homes service to<span class=\"a_GcMg font-feature-liga-off font-feature-clig-off font-feature-calt-off text-decoration-none text-strikethrough-none\">\u00ae<\/span>, Please review these terms and conditions in the event of a change before making a booking.<\/p>\n<p>By agreeing to use the Date Other Homes service<span class=\"a_GcMg font-feature-liga-off font-feature-clig-off font-feature-calt-off text-decoration-none text-strikethrough-none\">\u00ae,<\/span>\u00a0it is understood that the guest accepts any changes and that all parties will comply with these changes. These terms and conditions do not affect the rights of guests.<\/p>\n<p>These terms and conditions are subject to Portuguese law. The Portuguese Courts have exclusive jurisdiction in the event of legal action relating to any booking of accommodation with Date Other Homes.<span class=\"a_GcMg font-feature-liga-off font-feature-clig-off font-feature-calt-off text-decoration-none text-strikethrough-none\">\u00ae<\/span>.<\/p>\n<\/div><\/div><\/div><\/div><\/div><\/div><\/div><\/div><\/div><\/div><\/div><\/div><\/div><\/div><script id=\"script-row-unique-0\" data-row=\"script-row-unique-0\" type=\"text\/javascript\" class=\"vc_controls\">UNCODE.initRow(document.getElementById(\"row-unique-0\"));<\/script><\/div><\/div><\/div>\n<\/div>","protected":false},"excerpt":{"rendered":"Termos e Condi\u00e7\u00f5esCondi\u00e7\u00f5es de ReservaAs reservas efetuadas est\u00e3o sujeitas \u00e0 disponibilidade do alojamento e confirma\u00e7\u00e3o de pagamento. Para confirma\u00e7\u00e3o da [...]","protected":false},"author":1,"featured_media":0,"parent":0,"menu_order":0,"comment_status":"closed","ping_status":"closed","template":"","meta":{"footnotes":""},"class_list":["post-277","page","type-page","status-publish","hentry"],"_links":{"self":[{"href":"https:\/\/dateotherhomes.pt\/en\/wp-json\/wp\/v2\/pages\/277","targetHints":{"allow":["GET"]}}],"collection":[{"href":"https:\/\/dateotherhomes.pt\/en\/wp-json\/wp\/v2\/pages"}],"about":[{"href":"https:\/\/dateotherhomes.pt\/en\/wp-json\/wp\/v2\/types\/page"}],"author":[{"embeddable":true,"href":"https:\/\/dateotherhomes.pt\/en\/wp-json\/wp\/v2\/users\/1"}],"replies":[{"embeddable":true,"href":"https:\/\/dateotherhomes.pt\/en\/wp-json\/wp\/v2\/comments?post=277"}],"version-history":[{"count":12,"href":"https:\/\/dateotherhomes.pt\/en\/wp-json\/wp\/v2\/pages\/277\/revisions"}],"predecessor-version":[{"id":300,"href":"https:\/\/dateotherhomes.pt\/en\/wp-json\/wp\/v2\/pages\/277\/revisions\/300"}],"wp:attachment":[{"href":"https:\/\/dateotherhomes.pt\/en\/wp-json\/wp\/v2\/media?parent=277"}],"curies":[{"name":"wp","href":"https:\/\/api.w.org\/{rel}","templated":true}]}}